{"id":18,"date":"2021-08-22T17:25:16","date_gmt":"2021-08-22T15:25:16","guid":{"rendered":"https:\/\/pasiekaprzydomu.pl\/?page_id=18"},"modified":"2021-08-22T18:30:17","modified_gmt":"2021-08-22T16:30:17","slug":"kontakt","status":"publish","type":"page","link":"https:\/\/pasiekaprzydomu.pl\/index.php\/kontakt\/","title":{"rendered":"Kontakt"},"content":{"rendered":"\n<figure class=\"wp-block-image size-large is-style-rounded\"><img loading=\"lazy\" decoding=\"async\" width=\"1024\" height=\"576\" src=\"https:\/\/pasiekaprzydomu.pl\/wp-content\/uploads\/2021\/08\/2020_07_10-stan-uli-1024x576.jpg\" alt=\"\" class=\"wp-image-19\" srcset=\"https:\/\/pasiekaprzydomu.pl\/wp-content\/uploads\/2021\/08\/2020_07_10-stan-uli-1024x576.jpg 1024w, https:\/\/pasiekaprzydomu.pl\/wp-content\/uploads\/2021\/08\/2020_07_10-stan-uli-300x169.jpg 300w, https:\/\/pasiekaprzydomu.pl\/wp-content\/uploads\/2021\/08\/2020_07_10-stan-uli-768x432.jpg 768w, https:\/\/pasiekaprzydomu.pl\/wp-content\/uploads\/2021\/08\/2020_07_10-stan-uli-1536x864.jpg 1536w, https:\/\/pasiekaprzydomu.pl\/wp-content\/uploads\/2021\/08\/2020_07_10-stan-uli-2048x1152.jpg 2048w, https:\/\/pasiekaprzydomu.pl\/wp-content\/uploads\/2021\/08\/2020_07_10-stan-uli-570x321.jpg 570w, https:\/\/pasiekaprzydomu.pl\/wp-content\/uploads\/2021\/08\/2020_07_10-stan-uli-1110x624.jpg 1110w, https:\/\/pasiekaprzydomu.pl\/wp-content\/uploads\/2021\/08\/2020_07_10-stan-uli-528x297.jpg 528w\" sizes=\"auto, (max-width: 1024px) 100vw, 1024px\" \/><\/figure>\n\n\n\n<p>&#8220;Pasieka przy domu&#8221; <\/p>\n\n\n\n<p>Pasieka hobbystyczna Roberta Gadzinowskiego, nr. wet. 302771297. <\/p>\n\n\n\n<p>Decyzj\u0105 z dnia 18.06.2020r., Powiatowego Lekarza Weterynarii w Turku wpisany do rejestru prowadzenia rolniczego handlu detalicznego w zakresie produkt\u00f3w: produkty pszczele nieprzetworzone, w tym mi\u00f3d, py\u0142ek pszczeli, pierzga, mleczko pszczele.<\/p>\n\n\n\n<p>Mariant\u00f3w 22a, 62-710 W\u0142adys\u0142aw\u00f3w<\/p>\n\n\n\n<p>e-mail: poczta@pasiekaprzydomu.pl<\/p>\n\n\n\n<p>kom. 502 681 604<\/p>\n","protected":false},"excerpt":{"rendered":"<p>&#8220;Pasieka przy domu&#8221; Pasieka hobbystyczna Roberta Gadzinowskiego, nr. wet. 302771297. Decyzj\u0105 z dnia 18.06.2020r., Powiatowego Lekarza Weterynarii w Turku wpisany do rejestru prowadzenia rolniczego handlu detalicznego w zakresie produkt\u00f3w: produkty pszczele nieprzetworzone, w tym mi\u00f3d, py\u0142ek pszczeli, pierzga, mleczko pszczele. Mariant\u00f3w 22a, 62-710 W\u0142adys\u0142aw\u00f3w e-mail: poczta@pasiekaprzydomu.pl kom. 502 681 604<\/p>\n","protected":false},"author":1,"featured_media":0,"parent":0,"menu_order":0,"comment_status":"closed","ping_status":"closed","template":"","meta":{"footnotes":""},"class_list":["post-18","page","type-page","status-publish","czr-hentry"],"_links":{"self":[{"href":"https:\/\/pasiekaprzydomu.pl\/index.php\/wp-json\/wp\/v2\/pages\/18","targetHints":{"allow":["GET"]}}],"collection":[{"href":"https:\/\/pasiekaprzydomu.pl\/index.php\/wp-json\/wp\/v2\/pages"}],"about":[{"href":"https:\/\/pasiekaprzydomu.pl\/index.php\/wp-json\/wp\/v2\/types\/page"}],"author":[{"embeddable":true,"href":"https:\/\/pasiekaprzydomu.pl\/index.php\/wp-json\/wp\/v2\/users\/1"}],"replies":[{"embeddable":true,"href":"https:\/\/pasiekaprzydomu.pl\/index.php\/wp-json\/wp\/v2\/comments?post=18"}],"version-history":[{"count":3,"href":"https:\/\/pasiekaprzydomu.pl\/index.php\/wp-json\/wp\/v2\/pages\/18\/revisions"}],"predecessor-version":[{"id":44,"href":"https:\/\/pasiekaprzydomu.pl\/index.php\/wp-json\/wp\/v2\/pages\/18\/revisions\/44"}],"wp:attachment":[{"href":"https:\/\/pasiekaprzydomu.pl\/index.php\/wp-json\/wp\/v2\/media?parent=18"}],"curies":[{"name":"wp","href":"https:\/\/api.w.org\/{rel}","templated":true}]}}