{"id":11,"date":"2021-08-22T17:11:35","date_gmt":"2021-08-22T15:11:35","guid":{"rendered":"https:\/\/pasiekaprzydomu.pl\/?page_id=11"},"modified":"2025-08-25T16:04:38","modified_gmt":"2025-08-25T14:04:38","slug":"miod","status":"publish","type":"page","link":"https:\/\/pasiekaprzydomu.pl\/index.php\/miod\/","title":{"rendered":"Mi\u00f3d"},"content":{"rendered":"\n<figure class=\"wp-block-image size-full is-style-rounded\"><img loading=\"lazy\" decoding=\"async\" width=\"396\" height=\"573\" src=\"https:\/\/pasiekaprzydomu.pl\/wp-content\/uploads\/2025\/08\/2024_06-sloiki.jpg\" alt=\"\" class=\"wp-image-66\" srcset=\"https:\/\/pasiekaprzydomu.pl\/wp-content\/uploads\/2025\/08\/2024_06-sloiki.jpg 396w, https:\/\/pasiekaprzydomu.pl\/wp-content\/uploads\/2025\/08\/2024_06-sloiki-207x300.jpg 207w\" sizes=\"auto, (max-width: 396px) 100vw, 396px\" \/><figcaption class=\"wp-element-caption\"><br><br><\/figcaption><\/figure>\n\n\n\n<p>W roku 2025 mam do zaoferowania:<\/p>\n\n\n\n<ul class=\"wp-block-list\">\n<li>Mi\u00f3d akacjowy 1kg 50 z\u0142 <\/li>\n<\/ul>\n\n\n\n<p><\/p>\n\n\n\n<p>Odbi\u00f3r miodu po wcze\u015bniejszym telefonicznym um\u00f3wieniu:<\/p>\n\n\n\n<ul class=\"wp-block-list\">\n<li>Turek, ul. Braci Pietrzak\u00f3w 2, I.p. (Wej\u015bcie z ty\u0142u Chi\u0144skiego Centrum),  w dni robocze w godz.: 9:00-15:00, telefoniczne potwierdzenie pod numerem tel. 517 257 454;<\/li>\n\n\n\n<li>Mariant\u00f3w 22a, poniedzia\u0142ek-sobota w godz. 16:00-19:00, telefoniczne potwierdzenie pod numerem tel. 502 681 604..<\/li>\n<\/ul>\n\n\n\n<p><\/p>\n\n\n\n<p>=====================================================================================<\/p>\n","protected":false},"excerpt":{"rendered":"<p>W roku 2025 mam do zaoferowania: Odbi\u00f3r miodu po wcze\u015bniejszym telefonicznym um\u00f3wieniu: =====================================================================================<\/p>\n","protected":false},"author":1,"featured_media":0,"parent":0,"menu_order":0,"comment_status":"closed","ping_status":"closed","template":"","meta":{"footnotes":""},"class_list":["post-11","page","type-page","status-publish","czr-hentry"],"_links":{"self":[{"href":"https:\/\/pasiekaprzydomu.pl\/index.php\/wp-json\/wp\/v2\/pages\/11","targetHints":{"allow":["GET"]}}],"collection":[{"href":"https:\/\/pasiekaprzydomu.pl\/index.php\/wp-json\/wp\/v2\/pages"}],"about":[{"href":"https:\/\/pasiekaprzydomu.pl\/index.php\/wp-json\/wp\/v2\/types\/page"}],"author":[{"embeddable":true,"href":"https:\/\/pasiekaprzydomu.pl\/index.php\/wp-json\/wp\/v2\/users\/1"}],"replies":[{"embeddable":true,"href":"https:\/\/pasiekaprzydomu.pl\/index.php\/wp-json\/wp\/v2\/comments?post=11"}],"version-history":[{"count":11,"href":"https:\/\/pasiekaprzydomu.pl\/index.php\/wp-json\/wp\/v2\/pages\/11\/revisions"}],"predecessor-version":[{"id":67,"href":"https:\/\/pasiekaprzydomu.pl\/index.php\/wp-json\/wp\/v2\/pages\/11\/revisions\/67"}],"wp:attachment":[{"href":"https:\/\/pasiekaprzydomu.pl\/index.php\/wp-json\/wp\/v2\/media?parent=11"}],"curies":[{"name":"wp","href":"https:\/\/api.w.org\/{rel}","templated":true}]}}